{"id":1952,"date":"2022-06-21T11:17:08","date_gmt":"2022-06-21T11:17:08","guid":{"rendered":"https:\/\/beveggienew.ficoba.org\/engagement-durable\/"},"modified":"2025-11-26T18:49:19","modified_gmt":"2025-11-26T18:49:19","slug":"engagement-durable","status":"publish","type":"page","link":"https:\/\/beveggie.eus\/fr\/engagement-durable\/","title":{"rendered":"ENGAGEMENT DURABLE"},"content":{"rendered":"\t\t<div data-elementor-type=\"wp-page\" data-elementor-id=\"1952\" class=\"elementor elementor-1952 elementor-1357\" data-elementor-post-type=\"page\">\n\t\t\t\t<div class=\"ep-section-eql-height elementor-element elementor-element-097676a e-con-full e-flex elementor-invisible e-con e-parent\" bdt-height-match=\"target: .ep-section-eql-height .elementor-widget-wrap\" data-id=\"097676a\" data-element_type=\"container\" data-settings=\"{&quot;animation&quot;:&quot;fadeInDown&quot;}\">\n\t\t<div class=\"elementor-element elementor-element-b877ed3 e-con-full e-flex e-con e-child\" data-id=\"b877ed3\" data-element_type=\"container\" data-settings=\"{&quot;background_background&quot;:&quot;classic&quot;}\">\n\t\t\t\t<div class=\"elementor-element elementor-element-1926824 elementor-widget__width-inherit elementor-widget elementor-widget-image\" data-id=\"1926824\" data-element_type=\"widget\" data-widget_type=\"image.default\">\n\t\t\t\t<div class=\"elementor-widget-container\">\n\t\t\t\t\t\t\t\t\t\t\t\t\t\t\t<img fetchpriority=\"high\" decoding=\"async\" width=\"522\" height=\"404\" src=\"https:\/\/beveggie.eus\/wp-content\/uploads\/2022\/06\/Screenshot-2022-02-14-at-19.35.07.png\" class=\"attachment-large size-large wp-image-1364\" alt=\"\" srcset=\"https:\/\/beveggie.eus\/wp-content\/uploads\/2022\/06\/Screenshot-2022-02-14-at-19.35.07.png 522w, https:\/\/beveggie.eus\/wp-content\/uploads\/2022\/06\/Screenshot-2022-02-14-at-19.35.07-300x232.png 300w\" sizes=\"(max-width: 522px) 100vw, 522px\" \/>\t\t\t\t\t\t\t\t\t\t\t\t\t\t\t<\/div>\n\t\t\t\t<\/div>\n\t\t\t\t<div class=\"elementor-element elementor-element-1f3fcb0 elementor-align-justify elementor-widget elementor-widget-button\" data-id=\"1f3fcb0\" data-element_type=\"widget\" data-widget_type=\"button.default\">\n\t\t\t\t<div class=\"elementor-widget-container\">\n\t\t\t\t\t\t\t\t\t<div class=\"elementor-button-wrapper\">\n\t\t\t\t\t<a class=\"elementor-button elementor-button-link elementor-size-sm elementor-animation-bob\" href=\"https:\/\/www.ficoba.org\/es\/sostenibilidad\/\" target=\"_blank\">\n\t\t\t\t\t\t<span class=\"elementor-button-content-wrapper\">\n\t\t\t\t\t\t\t\t\t<span class=\"elementor-button-text\">FICOBA, UN PARC D\u2019EXPOSITIONS DURABLE<\/span>\n\t\t\t\t\t<\/span>\n\t\t\t\t\t<\/a>\n\t\t\t\t<\/div>\n\t\t\t\t\t\t\t\t<\/div>\n\t\t\t\t<\/div>\n\t\t\t\t<\/div>\n\t\t<div class=\"elementor-element elementor-element-a7ad139 e-con-full e-flex e-con e-child\" data-id=\"a7ad139\" data-element_type=\"container\" data-settings=\"{&quot;background_background&quot;:&quot;classic&quot;}\">\n\t\t\t\t<div class=\"elementor-element elementor-element-e51d5d0 elementor-widget elementor-widget-heading\" data-id=\"e51d5d0\" data-element_type=\"widget\" data-widget_type=\"heading.default\">\n\t\t\t\t<div class=\"elementor-widget-container\">\n\t\t\t\t\t<h1 class=\"elementor-heading-title elementor-size-default\">ENGAGEMENT DURABLE<\/h1>\t\t\t\t<\/div>\n\t\t\t\t<\/div>\n\t\t\t\t<div class=\"elementor-element elementor-element-efa8848 elementor-widget elementor-widget-text-editor\" data-id=\"efa8848\" data-element_type=\"widget\" data-widget_type=\"text-editor.default\">\n\t\t\t\t<div class=\"elementor-widget-container\">\n\t\t\t\t\t\t\t\t\tNous adh\u00e9rons aux objectifs des Nations unies. L\u2019Agenda 2030 est le plan d\u2019action le plus ambitieux jamais \u00e9labor\u00e9 pour les personnes, la plan\u00e8te et la prosp\u00e9rit\u00e9, avec 17 objectifs de d\u00e9veloppement durable (ODD) et 169 cibles.\n\t\t\t\t\t\t\t\t<\/div>\n\t\t\t\t<\/div>\n\t\t\t\t<div class=\"elementor-element elementor-element-9a7c650 elementor-widget elementor-widget-text-editor\" data-id=\"9a7c650\" data-element_type=\"widget\" data-widget_type=\"text-editor.default\">\n\t\t\t\t<div class=\"elementor-widget-container\">\n\t\t\t\t\t\t\t\t\tQuelles sont les SAO auxquelles nous contribuons?\n\t\t\t\t\t\t\t\t<\/div>\n\t\t\t\t<\/div>\n\t\t\t\t<div class=\"elementor-element elementor-element-f7cb11e elementor-widget elementor-widget-text-editor\" data-id=\"f7cb11e\" data-element_type=\"widget\" data-widget_type=\"text-editor.default\">\n\t\t\t\t<div class=\"elementor-widget-container\">\n\t\t\t\t\t\t\t\t\tNous contribuons aux 17 SAO avec notre responsabilit\u00e9 dans la mani\u00e8re dont nous agissons dans des environnements tr\u00e8s divers et nous consid\u00e9rons qu\u2019il est n\u00e9cessaire d\u2019identifier ceux qui sont le plus clairement li\u00e9s \u00e0 notre secteur, \u00e0 notre activit\u00e9, \u00e0 nos impacts sur les personnes, l\u2019\u00e9conomie et l\u2019environnement, et aux attentes de nos parties prenantes.\n\nNos efforts portent sur les SAO 7,SAO 12 et SAO 13. C\u2019est-\u00e0-dire sur une \u00e9nergie propre et abordable et sur la contribution au d\u00e9veloppement socio-\u00e9conomique et \u00e0 la lutte contre le changement climatique.\t\t\t\t\t\t\t\t<\/div>\n\t\t\t\t<\/div>\n\t\t\t\t<\/div>\n\t\t<div class=\"elementor-element elementor-element-b2b1cb7 e-con-full e-flex e-con e-child\" data-id=\"b2b1cb7\" data-element_type=\"container\" data-settings=\"{&quot;background_background&quot;:&quot;classic&quot;}\">\n\t\t\t\t<div class=\"elementor-element elementor-element-ca434bb elementor-widget elementor-widget-image\" data-id=\"ca434bb\" data-element_type=\"widget\" data-settings=\"{&quot;ep_floating_effects_show&quot;:&quot;yes&quot;,&quot;ep_floating_effects_opacity_toggle&quot;:&quot;yes&quot;,&quot;ep_floating_effects_easing&quot;:&quot;easeInOutCubic&quot;,&quot;ep_floating_effects_opacity_start&quot;:{&quot;unit&quot;:&quot;px&quot;,&quot;size&quot;:1,&quot;sizes&quot;:[]},&quot;ep_floating_effects_opacity_end&quot;:{&quot;unit&quot;:&quot;px&quot;,&quot;size&quot;:0,&quot;sizes&quot;:[]},&quot;ep_floating_effects_opacity_duration&quot;:{&quot;unit&quot;:&quot;px&quot;,&quot;size&quot;:1000,&quot;sizes&quot;:[]}}\" data-widget_type=\"image.default\">\n\t\t\t\t<div class=\"elementor-widget-container\">\n\t\t\t\t\t\t\t\t\t\t\t\t\t\t\t<img decoding=\"async\" width=\"201\" height=\"428\" src=\"https:\/\/beveggie.eus\/wp-content\/uploads\/2024\/06\/pictos-02.png\" class=\"attachment-full size-full wp-image-7334\" alt=\"\" srcset=\"https:\/\/beveggie.eus\/wp-content\/uploads\/2024\/06\/pictos-02.png 201w, https:\/\/beveggie.eus\/wp-content\/uploads\/2024\/06\/pictos-02-141x300.png 141w\" sizes=\"(max-width: 201px) 100vw, 201px\" \/>\t\t\t\t\t\t\t\t\t\t\t\t\t\t\t<\/div>\n\t\t\t\t<\/div>\n\t\t\t\t<\/div>\n\t\t\t\t<\/div>\n\t\t<div class=\"ep-section-eql-height elementor-element elementor-element-d9f3f62 e-con-full e-flex elementor-invisible e-con e-parent\" bdt-height-match=\"target: .ep-section-eql-height .elementor-widget-wrap\" data-id=\"d9f3f62\" data-element_type=\"container\" data-settings=\"{&quot;animation&quot;:&quot;fadeInDown&quot;}\">\n\t\t<div class=\"elementor-element elementor-element-da046cc e-con-full e-flex e-con e-child\" data-id=\"da046cc\" data-element_type=\"container\" data-settings=\"{&quot;background_background&quot;:&quot;classic&quot;}\">\n\t\t\t\t<div class=\"elementor-element elementor-element-0044ca3 elementor-widget elementor-widget-image\" data-id=\"0044ca3\" data-element_type=\"widget\" data-widget_type=\"image.default\">\n\t\t\t\t<div class=\"elementor-widget-container\">\n\t\t\t\t\t\t\t\t\t\t\t\t\t\t\t<img decoding=\"async\" width=\"770\" height=\"354\" src=\"https:\/\/beveggie.eus\/wp-content\/uploads\/2022\/06\/EG-cas-color-horz-770x354-1.png\" class=\"attachment-large size-large wp-image-1361\" alt=\"\" srcset=\"https:\/\/beveggie.eus\/wp-content\/uploads\/2022\/06\/EG-cas-color-horz-770x354-1.png 770w, https:\/\/beveggie.eus\/wp-content\/uploads\/2022\/06\/EG-cas-color-horz-770x354-1-300x138.png 300w, https:\/\/beveggie.eus\/wp-content\/uploads\/2022\/06\/EG-cas-color-horz-770x354-1-768x353.png 768w\" sizes=\"(max-width: 770px) 100vw, 770px\" \/>\t\t\t\t\t\t\t\t\t\t\t\t\t\t\t<\/div>\n\t\t\t\t<\/div>\n\t\t\t\t<div class=\"elementor-element elementor-element-e62e68a elementor-align-justify elementor-hidden-desktop elementor-hidden-tablet elementor-hidden-mobile elementor-widget elementor-widget-button\" data-id=\"e62e68a\" data-element_type=\"widget\" data-widget_type=\"button.default\">\n\t\t\t\t<div class=\"elementor-widget-container\">\n\t\t\t\t\t\t\t\t\t<div class=\"elementor-button-wrapper\">\n\t\t\t\t\t<a class=\"elementor-button elementor-button-link elementor-size-sm elementor-animation-bob\" href=\"https:\/\/beveggienew.ficoba.org\/wp-content\/uploads\/2022\/06\/Ziurtagiria_Be-Veggie-2021-1.pdf\" target=\"_blank\">\n\t\t\t\t\t\t<span class=\"elementor-button-content-wrapper\">\n\t\t\t\t\t\t\t\t\t<span class=\"elementor-button-text\">T\u00c9L\u00c9CHARGER LE CERTIFICAT<\/span>\n\t\t\t\t\t<\/span>\n\t\t\t\t\t<\/a>\n\t\t\t\t<\/div>\n\t\t\t\t\t\t\t\t<\/div>\n\t\t\t\t<\/div>\n\t\t\t\t<\/div>\n\t\t<div class=\"elementor-element elementor-element-7314225 e-con-full e-flex e-con e-child\" data-id=\"7314225\" data-element_type=\"container\" data-settings=\"{&quot;background_background&quot;:&quot;classic&quot;}\">\n\t\t\t\t<div class=\"elementor-element elementor-element-d3ea4a4 elementor-widget elementor-widget-heading\" data-id=\"d3ea4a4\" data-element_type=\"widget\" data-widget_type=\"heading.default\">\n\t\t\t\t<div class=\"elementor-widget-container\">\n\t\t\t\t\t<h1 class=\"elementor-heading-title elementor-size-default\">Erronka garbia certificat<\/h1>\t\t\t\t<\/div>\n\t\t\t\t<\/div>\n\t\t\t\t<div class=\"elementor-element elementor-element-8d594a5 elementor-widget elementor-widget-text-editor\" data-id=\"8d594a5\" data-element_type=\"widget\" data-widget_type=\"text-editor.default\">\n\t\t\t\t<div class=\"elementor-widget-container\">\n\t\t\t\t\t\t\t\t\tSelon le programme des Nations Unies pour l&rsquo;environnement, un \u00e9v\u00e9nement durable est un \u00e9v\u00e9nement qui est con\u00e7u, organis\u00e9 et mis en \u0153uvre tout en minimisant les impacts n\u00e9gatifs potentiels sur l&rsquo;environnement et en laissant un h\u00e9ritage positif. \t\t\t\t\t\t\t\t<\/div>\n\t\t\t\t<\/div>\n\t\t\t\t<div class=\"elementor-element elementor-element-70c8d2e elementor-widget elementor-widget-text-editor\" data-id=\"70c8d2e\" data-element_type=\"widget\" data-widget_type=\"text-editor.default\">\n\t\t\t\t<div class=\"elementor-widget-container\">\n\t\t\t\t\t\t\t\t\tAfin de s\u2019assurer que ces \u00e9v\u00e9nements int\u00e8grent des mesures environnementales dans leur conception et leur organisation, <a href=\"https:\/\/www.ihobe.eus\/inicio\" rel=\"noopener\" target=\"_blank\">Ihobe (Soci\u00e9t\u00e9 publique de gestion environnementale du gouvernement basque) <\/a>a d\u00e9velopp\u00e9 la m\u00e9thodologie <a href=\"https:\/\/www.ihobe.eus\/erronka-garbia-evento-sostenible\" rel=\"noopener\" target=\"_blank\"> Erronka Garbia<\/a>, un processus qui minimise les impacts environnementaux n\u00e9gatifs li\u00e9s \u00e0 l\u2019organisation d\u2019\u00e9v\u00e9nements. Depuis 2017, Bioterra a obtenu ce certificat, qui atteste que la foire est un \u00e9v\u00e9nement durable.\t\t\t\t\t\t\t\t<\/div>\n\t\t\t\t<\/div>\n\t\t\t\t<\/div>\n\t\t<div class=\"elementor-element elementor-element-0582dab e-con-full e-flex e-con e-child\" data-id=\"0582dab\" data-element_type=\"container\" data-settings=\"{&quot;background_background&quot;:&quot;classic&quot;}\">\n\t\t\t\t<div class=\"elementor-element elementor-element-bcabe86 elementor-widget elementor-widget-image\" data-id=\"bcabe86\" data-element_type=\"widget\" data-settings=\"{&quot;ep_floating_effects_show&quot;:&quot;yes&quot;,&quot;ep_floating_effects_opacity_toggle&quot;:&quot;yes&quot;,&quot;ep_floating_effects_easing&quot;:&quot;easeInOutCubic&quot;,&quot;ep_floating_effects_opacity_start&quot;:{&quot;unit&quot;:&quot;px&quot;,&quot;size&quot;:1,&quot;sizes&quot;:[]},&quot;ep_floating_effects_opacity_end&quot;:{&quot;unit&quot;:&quot;px&quot;,&quot;size&quot;:0,&quot;sizes&quot;:[]},&quot;ep_floating_effects_opacity_duration&quot;:{&quot;unit&quot;:&quot;px&quot;,&quot;size&quot;:1000,&quot;sizes&quot;:[]}}\" data-widget_type=\"image.default\">\n\t\t\t\t<div class=\"elementor-widget-container\">\n\t\t\t\t\t\t\t\t\t\t\t\t\t\t\t<img loading=\"lazy\" decoding=\"async\" width=\"186\" height=\"126\" src=\"https:\/\/beveggie.eus\/wp-content\/uploads\/2024\/07\/RGB-HEX-beveggie-marcapictos-traz-11-2.png\" class=\"attachment-large size-large wp-image-8094\" alt=\"\" \/>\t\t\t\t\t\t\t\t\t\t\t\t\t\t\t<\/div>\n\t\t\t\t<\/div>\n\t\t\t\t<div class=\"elementor-element elementor-element-f83d32b elementor-widget elementor-widget-image\" data-id=\"f83d32b\" data-element_type=\"widget\" data-settings=\"{&quot;ep_floating_effects_show&quot;:&quot;yes&quot;,&quot;ep_floating_effects_opacity_toggle&quot;:&quot;yes&quot;,&quot;ep_floating_effects_easing&quot;:&quot;easeInOutCubic&quot;,&quot;ep_floating_effects_opacity_start&quot;:{&quot;unit&quot;:&quot;px&quot;,&quot;size&quot;:1,&quot;sizes&quot;:[]},&quot;ep_floating_effects_opacity_end&quot;:{&quot;unit&quot;:&quot;px&quot;,&quot;size&quot;:0,&quot;sizes&quot;:[]},&quot;ep_floating_effects_opacity_duration&quot;:{&quot;unit&quot;:&quot;px&quot;,&quot;size&quot;:1000,&quot;sizes&quot;:[]}}\" data-widget_type=\"image.default\">\n\t\t\t\t<div class=\"elementor-widget-container\">\n\t\t\t\t\t\t\t\t\t\t\t\t\t\t\t<img loading=\"lazy\" decoding=\"async\" width=\"273\" height=\"267\" src=\"https:\/\/beveggie.eus\/wp-content\/uploads\/2024\/07\/ICONS-05.png\" class=\"attachment-large size-large wp-image-7439\" alt=\"\" \/>\t\t\t\t\t\t\t\t\t\t\t\t\t\t\t<\/div>\n\t\t\t\t<\/div>\n\t\t\t\t<\/div>\n\t\t\t\t<\/div>\n\t\t\t\t<\/div>\n\t\t","protected":false},"excerpt":{"rendered":"<p>FICOBA, UN PARC D\u2019EXPOSITIONS DURABLE ENGAGEMENT DURABLE Nous adh\u00e9rons aux objectifs des Nations unies. L\u2019Agenda 2030 est le plan d\u2019action le plus ambitieux jamais \u00e9labor\u00e9 pour les personnes, la plan\u00e8te et la prosp\u00e9rit\u00e9, avec 17 objectifs de d\u00e9veloppement durable (ODD) et 169 cibles. Quelles sont les SAO auxquelles nous contribuons? Nous contribuons aux 17 SAO [&hellip;]<\/p>\n","protected":false},"author":7,"featured_media":0,"parent":0,"menu_order":0,"comment_status":"closed","ping_status":"closed","template":"","meta":{"footnotes":""},"class_list":["post-1952","page","type-page","status-publish","hentry"],"yoast_head":"<!-- This site is optimized with the Yoast SEO plugin v26.8 - https:\/\/yoast.com\/product\/yoast-seo-wordpress\/ -->\n<title>ENGAGEMENT DURABLE - Be Veggie<\/title>\n<meta name=\"robots\" content=\"index, follow, max-snippet:-1, max-image-preview:large, max-video-preview:-1\" \/>\n<link rel=\"canonical\" href=\"https:\/\/beveggie.eus\/fr\/engagement-durable\/\" \/>\n<meta property=\"og:locale\" content=\"fr_FR\" \/>\n<meta property=\"og:type\" content=\"article\" \/>\n<meta property=\"og:title\" content=\"ENGAGEMENT DURABLE - Be Veggie\" \/>\n<meta property=\"og:description\" content=\"FICOBA, UN PARC D\u2019EXPOSITIONS DURABLE ENGAGEMENT DURABLE Nous adh\u00e9rons aux objectifs des Nations unies. L\u2019Agenda 2030 est le plan d\u2019action le plus ambitieux jamais \u00e9labor\u00e9 pour les personnes, la plan\u00e8te et la prosp\u00e9rit\u00e9, avec 17 objectifs de d\u00e9veloppement durable (ODD) et 169 cibles. Quelles sont les SAO auxquelles nous contribuons? Nous contribuons aux 17 SAO [&hellip;]\" \/>\n<meta property=\"og:url\" content=\"https:\/\/beveggie.eus\/fr\/engagement-durable\/\" \/>\n<meta property=\"og:site_name\" content=\"Be Veggie\" \/>\n<meta property=\"article:modified_time\" content=\"2025-11-26T18:49:19+00:00\" \/>\n<meta property=\"og:image\" content=\"https:\/\/beveggie.eus\/wp-content\/uploads\/2022\/06\/Screenshot-2022-02-14-at-19.35.07.png\" \/>\n\t<meta property=\"og:image:width\" content=\"522\" \/>\n\t<meta property=\"og:image:height\" content=\"404\" \/>\n\t<meta property=\"og:image:type\" content=\"image\/png\" \/>\n<meta name=\"twitter:card\" content=\"summary_large_image\" \/>\n<meta name=\"twitter:label1\" content=\"Dur\u00e9e de lecture estim\u00e9e\" \/>\n\t<meta name=\"twitter:data1\" content=\"1 minute\" \/>\n<script type=\"application\/ld+json\" class=\"yoast-schema-graph\">{\"@context\":\"https:\/\/schema.org\",\"@graph\":[{\"@type\":\"WebPage\",\"@id\":\"https:\/\/beveggie.eus\/fr\/engagement-durable\/\",\"url\":\"https:\/\/beveggie.eus\/fr\/engagement-durable\/\",\"name\":\"ENGAGEMENT DURABLE - Be Veggie\",\"isPartOf\":{\"@id\":\"https:\/\/beveggie.eus\/#website\"},\"primaryImageOfPage\":{\"@id\":\"https:\/\/beveggie.eus\/fr\/engagement-durable\/#primaryimage\"},\"image\":{\"@id\":\"https:\/\/beveggie.eus\/fr\/engagement-durable\/#primaryimage\"},\"thumbnailUrl\":\"https:\/\/beveggie.eus\/wp-content\/uploads\/2022\/06\/Screenshot-2022-02-14-at-19.35.07.png\",\"datePublished\":\"2022-06-21T11:17:08+00:00\",\"dateModified\":\"2025-11-26T18:49:19+00:00\",\"breadcrumb\":{\"@id\":\"https:\/\/beveggie.eus\/fr\/engagement-durable\/#breadcrumb\"},\"inLanguage\":\"fr-FR\",\"potentialAction\":[{\"@type\":\"ReadAction\",\"target\":[\"https:\/\/beveggie.eus\/fr\/engagement-durable\/\"]}]},{\"@type\":\"ImageObject\",\"inLanguage\":\"fr-FR\",\"@id\":\"https:\/\/beveggie.eus\/fr\/engagement-durable\/#primaryimage\",\"url\":\"https:\/\/beveggie.eus\/wp-content\/uploads\/2022\/06\/Screenshot-2022-02-14-at-19.35.07.png\",\"contentUrl\":\"https:\/\/beveggie.eus\/wp-content\/uploads\/2022\/06\/Screenshot-2022-02-14-at-19.35.07.png\"},{\"@type\":\"BreadcrumbList\",\"@id\":\"https:\/\/beveggie.eus\/fr\/engagement-durable\/#breadcrumb\",\"itemListElement\":[{\"@type\":\"ListItem\",\"position\":1,\"name\":\"Portada\",\"item\":\"https:\/\/beveggie.eus\/\"},{\"@type\":\"ListItem\",\"position\":2,\"name\":\"ENGAGEMENT DURABLE\"}]},{\"@type\":\"WebSite\",\"@id\":\"https:\/\/beveggie.eus\/#website\",\"url\":\"https:\/\/beveggie.eus\/\",\"name\":\"Be Veggie\",\"description\":\"El evento que difunde un estilo de vida 100% vegetal\",\"publisher\":{\"@id\":\"https:\/\/beveggie.eus\/#organization\"},\"potentialAction\":[{\"@type\":\"SearchAction\",\"target\":{\"@type\":\"EntryPoint\",\"urlTemplate\":\"https:\/\/beveggie.eus\/?s={search_term_string}\"},\"query-input\":{\"@type\":\"PropertyValueSpecification\",\"valueRequired\":true,\"valueName\":\"search_term_string\"}}],\"inLanguage\":\"fr-FR\"},{\"@type\":\"Organization\",\"@id\":\"https:\/\/beveggie.eus\/#organization\",\"name\":\"Be Veggie\",\"url\":\"https:\/\/beveggie.eus\/\",\"logo\":{\"@type\":\"ImageObject\",\"inLanguage\":\"fr-FR\",\"@id\":\"https:\/\/beveggie.eus\/#\/schema\/logo\/image\/\",\"url\":\"https:\/\/beveggie.eus\/wp-content\/uploads\/2022\/05\/be-veggie-logo.png\",\"contentUrl\":\"https:\/\/beveggie.eus\/wp-content\/uploads\/2022\/05\/be-veggie-logo.png\",\"width\":214,\"height\":278,\"caption\":\"Be Veggie\"},\"image\":{\"@id\":\"https:\/\/beveggie.eus\/#\/schema\/logo\/image\/\"}}]}<\/script>\n<!-- \/ Yoast SEO plugin. -->","yoast_head_json":{"title":"ENGAGEMENT DURABLE - Be Veggie","robots":{"index":"index","follow":"follow","max-snippet":"max-snippet:-1","max-image-preview":"max-image-preview:large","max-video-preview":"max-video-preview:-1"},"canonical":"https:\/\/beveggie.eus\/fr\/engagement-durable\/","og_locale":"fr_FR","og_type":"article","og_title":"ENGAGEMENT DURABLE - Be Veggie","og_description":"FICOBA, UN PARC D\u2019EXPOSITIONS DURABLE ENGAGEMENT DURABLE Nous adh\u00e9rons aux objectifs des Nations unies. L\u2019Agenda 2030 est le plan d\u2019action le plus ambitieux jamais \u00e9labor\u00e9 pour les personnes, la plan\u00e8te et la prosp\u00e9rit\u00e9, avec 17 objectifs de d\u00e9veloppement durable (ODD) et 169 cibles. Quelles sont les SAO auxquelles nous contribuons? Nous contribuons aux 17 SAO [&hellip;]","og_url":"https:\/\/beveggie.eus\/fr\/engagement-durable\/","og_site_name":"Be Veggie","article_modified_time":"2025-11-26T18:49:19+00:00","og_image":[{"width":522,"height":404,"url":"https:\/\/beveggie.eus\/wp-content\/uploads\/2022\/06\/Screenshot-2022-02-14-at-19.35.07.png","type":"image\/png"}],"twitter_card":"summary_large_image","twitter_misc":{"Dur\u00e9e de lecture estim\u00e9e":"1 minute"},"schema":{"@context":"https:\/\/schema.org","@graph":[{"@type":"WebPage","@id":"https:\/\/beveggie.eus\/fr\/engagement-durable\/","url":"https:\/\/beveggie.eus\/fr\/engagement-durable\/","name":"ENGAGEMENT DURABLE - Be Veggie","isPartOf":{"@id":"https:\/\/beveggie.eus\/#website"},"primaryImageOfPage":{"@id":"https:\/\/beveggie.eus\/fr\/engagement-durable\/#primaryimage"},"image":{"@id":"https:\/\/beveggie.eus\/fr\/engagement-durable\/#primaryimage"},"thumbnailUrl":"https:\/\/beveggie.eus\/wp-content\/uploads\/2022\/06\/Screenshot-2022-02-14-at-19.35.07.png","datePublished":"2022-06-21T11:17:08+00:00","dateModified":"2025-11-26T18:49:19+00:00","breadcrumb":{"@id":"https:\/\/beveggie.eus\/fr\/engagement-durable\/#breadcrumb"},"inLanguage":"fr-FR","potentialAction":[{"@type":"ReadAction","target":["https:\/\/beveggie.eus\/fr\/engagement-durable\/"]}]},{"@type":"ImageObject","inLanguage":"fr-FR","@id":"https:\/\/beveggie.eus\/fr\/engagement-durable\/#primaryimage","url":"https:\/\/beveggie.eus\/wp-content\/uploads\/2022\/06\/Screenshot-2022-02-14-at-19.35.07.png","contentUrl":"https:\/\/beveggie.eus\/wp-content\/uploads\/2022\/06\/Screenshot-2022-02-14-at-19.35.07.png"},{"@type":"BreadcrumbList","@id":"https:\/\/beveggie.eus\/fr\/engagement-durable\/#breadcrumb","itemListElement":[{"@type":"ListItem","position":1,"name":"Portada","item":"https:\/\/beveggie.eus\/"},{"@type":"ListItem","position":2,"name":"ENGAGEMENT DURABLE"}]},{"@type":"WebSite","@id":"https:\/\/beveggie.eus\/#website","url":"https:\/\/beveggie.eus\/","name":"Be Veggie","description":"El evento que difunde un estilo de vida 100% vegetal","publisher":{"@id":"https:\/\/beveggie.eus\/#organization"},"potentialAction":[{"@type":"SearchAction","target":{"@type":"EntryPoint","urlTemplate":"https:\/\/beveggie.eus\/?s={search_term_string}"},"query-input":{"@type":"PropertyValueSpecification","valueRequired":true,"valueName":"search_term_string"}}],"inLanguage":"fr-FR"},{"@type":"Organization","@id":"https:\/\/beveggie.eus\/#organization","name":"Be Veggie","url":"https:\/\/beveggie.eus\/","logo":{"@type":"ImageObject","inLanguage":"fr-FR","@id":"https:\/\/beveggie.eus\/#\/schema\/logo\/image\/","url":"https:\/\/beveggie.eus\/wp-content\/uploads\/2022\/05\/be-veggie-logo.png","contentUrl":"https:\/\/beveggie.eus\/wp-content\/uploads\/2022\/05\/be-veggie-logo.png","width":214,"height":278,"caption":"Be Veggie"},"image":{"@id":"https:\/\/beveggie.eus\/#\/schema\/logo\/image\/"}}]}},"_links":{"self":[{"href":"https:\/\/beveggie.eus\/fr\/wp-json\/wp\/v2\/pages\/1952","targetHints":{"allow":["GET"]}}],"collection":[{"href":"https:\/\/beveggie.eus\/fr\/wp-json\/wp\/v2\/pages"}],"about":[{"href":"https:\/\/beveggie.eus\/fr\/wp-json\/wp\/v2\/types\/page"}],"author":[{"embeddable":true,"href":"https:\/\/beveggie.eus\/fr\/wp-json\/wp\/v2\/users\/7"}],"replies":[{"embeddable":true,"href":"https:\/\/beveggie.eus\/fr\/wp-json\/wp\/v2\/comments?post=1952"}],"version-history":[{"count":18,"href":"https:\/\/beveggie.eus\/fr\/wp-json\/wp\/v2\/pages\/1952\/revisions"}],"predecessor-version":[{"id":12778,"href":"https:\/\/beveggie.eus\/fr\/wp-json\/wp\/v2\/pages\/1952\/revisions\/12778"}],"wp:attachment":[{"href":"https:\/\/beveggie.eus\/fr\/wp-json\/wp\/v2\/media?parent=1952"}],"curies":[{"name":"wp","href":"https:\/\/api.w.org\/{rel}","templated":true}]}}